{"id":3713,"date":"2025-03-05T06:18:20","date_gmt":"2025-03-05T06:18:20","guid":{"rendered":"https:\/\/wattstor.com\/?page_id=3713"},"modified":"2026-04-01T06:46:41","modified_gmt":"2026-04-01T06:46:41","slug":"impressum","status":"publish","type":"page","link":"https:\/\/wattstor.com\/de\/impressum\/","title":{"rendered":"Impressum"},"content":{"rendered":"<h2>Impressum \u2013 Wattstor GmbH<\/h2>\n<h3>Eingetragener Sitz<\/h3>\n<p>Wattstor GmbH, Seidlstr. 5, 80335 M\u00fcnchen, Deutschland<\/p>\n<h3>Kontakt<\/h3>\n<p>Telefon: +49 (0) 89 3803 8487<br \/>\nE-Mail: <a href=\"mailto:wattstor.de@wattstor.com\">wattstor.de@wattstor.com<\/a><br \/>\nWebseite: https:\/\/wattstor.de<\/p>\n<h3>Vertretungsberechtigte Gesch\u00e4ftsf\u00fchrer<\/h3>\n<p>Joachim Schneider<br \/>\nStephan Marty<\/p>\n<h3>Registereintrag<\/h3>\n<p>RegNr. HRB 295419, M\u00fcnchen<\/p>\n<h3>Umsatzsteuer-Identifikationsnummer gem\u00e4\u00df \u00a727a Umsatzsteuergesetz<\/h3>\n<p>DE452193707<\/p>\n<h3>Online-Streitbeilegung<\/h3>\n<p>Die Europ\u00e4ische Kommission stellt eine Plattform zur Online-Streitbeilegung (OS) bereit: https:\/\/ec.europa.eu\/consumers\/odr.<\/p>\n<h3>Datenschutzbeauftragen<\/h3>\n<div>\n<p>Dominik F\u00fcnkner<br \/>\nProliance GmbH<br \/>\nLeopoldstr. 21, 80802 M\u00fcnchen<br \/>\nTelefon: +4989250039227<br \/>\nE-Mail:<a href=\"mailto:datenschutzbeauftragter@datenschutzexperte.de\" target=\"_blank\" rel=\"noopener\"> datenschutzbeauftragter@<wbr \/>datenschutzexperte.de<\/a><\/p>\n<\/div>\n<h3>Haftung f\u00fcr Inhalte<\/h3>\n<p>Die Inhalte unserer Seiten wurden mit gr\u00f6\u00dfter Sorgfalt erstellt. F\u00fcr die Richtigkeit, Vollst\u00e4ndigkeit und Aktualit\u00e4t der Inhalte k\u00f6nnen wir jedoch keine Gew\u00e4hr \u00fcbernehmen.<\/p>\n<h3>Urheberrecht<\/h3>\n<p>Die durch die Seitenbetreiber erstellten Inhalte und Werke auf diesen Seiten unterliegen dem britischen Urheberrecht. Beitr\u00e4ge Dritter sind als solche gekennzeichnet. Die Vervielf\u00e4ltigung, Bearbeitung, Verbreitung und jede Art der Verwertung au\u00dferhalb der Grenzen des Urheberrechts bed\u00fcrfen der schriftlichen Zustimmung des jeweiligen Autors bzw. Erstellers.<\/p>\n","protected":false},"excerpt":{"rendered":"<p>Impressum \u2013 Wattstor GmbH Eingetragener Sitz Wattstor GmbH, Seidlstr. 5, 80335 M\u00fcnchen, Deutschland Kontakt Telefon: +49 (0) 89 3803 8487 E-Mail: wattstor.de@wattstor.com Webseite: https:\/\/wattstor.de Vertretungsberechtigte Gesch\u00e4ftsf\u00fchrer Joachim Schneider <a href=\"https:\/\/wattstor.com\/de\/impressum\/\" class=\"more-link\">&#8230;<span class=\"screen-reader-text\">  Impressum<\/span><\/a><\/p>\n","protected":false},"author":18,"featured_media":0,"parent":0,"menu_order":0,"comment_status":"closed","ping_status":"closed","template":"","meta":{"_acf_changed":false,"inline_featured_image":false,"footnotes":""},"class_list":["post-3713","page","type-page","status-publish","hentry"],"acf":[],"yoast_head":"<!-- This site is optimized with the Yoast SEO plugin v26.9 - https:\/\/yoast.com\/product\/yoast-seo-wordpress\/ -->\n<title>Impressum - Wattstor<\/title>\n<meta name=\"robots\" content=\"index, follow, max-snippet:-1, max-image-preview:large, max-video-preview:-1\" \/>\n<link rel=\"canonical\" href=\"https:\/\/wattstor.com\/de\/impressum\/\" \/>\n<meta property=\"og:locale\" content=\"de_DE\" \/>\n<meta property=\"og:type\" content=\"article\" \/>\n<meta property=\"og:title\" content=\"Impressum - Wattstor\" \/>\n<meta property=\"og:description\" content=\"Impressum \u2013 Wattstor GmbH Eingetragener Sitz Wattstor GmbH, Seidlstr. 5, 80335 M\u00fcnchen, Deutschland Kontakt Telefon: +49 (0) 89 3803 8487 E-Mail: wattstor.de@wattstor.com Webseite: https:\/\/wattstor.de Vertretungsberechtigte Gesch\u00e4ftsf\u00fchrer Joachim Schneider ... Impressum\" \/>\n<meta property=\"og:url\" content=\"https:\/\/wattstor.com\/de\/impressum\/\" \/>\n<meta property=\"og:site_name\" content=\"Wattstor\" \/>\n<meta property=\"article:modified_time\" content=\"2026-04-01T06:46:41+00:00\" \/>\n<meta name=\"twitter:card\" content=\"summary_large_image\" \/>\n<meta name=\"twitter:label1\" content=\"Gesch\u00e4tzte Lesezeit\" \/>\n\t<meta name=\"twitter:data1\" content=\"1 Minute\" \/>\n<!-- \/ Yoast SEO plugin. -->","yoast_head_json":{"title":"Impressum - Wattstor","robots":{"index":"index","follow":"follow","max-snippet":"max-snippet:-1","max-image-preview":"max-image-preview:large","max-video-preview":"max-video-preview:-1"},"canonical":"https:\/\/wattstor.com\/de\/impressum\/","og_locale":"de_DE","og_type":"article","og_title":"Impressum - Wattstor","og_description":"Impressum \u2013 Wattstor GmbH Eingetragener Sitz Wattstor GmbH, Seidlstr. 5, 80335 M\u00fcnchen, Deutschland Kontakt Telefon: +49 (0) 89 3803 8487 E-Mail: wattstor.de@wattstor.com Webseite: https:\/\/wattstor.de Vertretungsberechtigte Gesch\u00e4ftsf\u00fchrer Joachim Schneider ... Impressum","og_url":"https:\/\/wattstor.com\/de\/impressum\/","og_site_name":"Wattstor","article_modified_time":"2026-04-01T06:46:41+00:00","twitter_card":"summary_large_image","twitter_misc":{"Gesch\u00e4tzte Lesezeit":"1 Minute"},"schema":{"@context":"https:\/\/schema.org","@graph":[{"@type":"WebPage","@id":"https:\/\/wattstor.com\/de\/impressum\/","url":"https:\/\/wattstor.com\/de\/impressum\/","name":"Impressum - Wattstor","isPartOf":{"@id":"https:\/\/wattstor.com\/de\/#website"},"datePublished":"2025-03-05T06:18:20+00:00","dateModified":"2026-04-01T06:46:41+00:00","breadcrumb":{"@id":"https:\/\/wattstor.com\/de\/impressum\/#breadcrumb"},"inLanguage":"de-DE","potentialAction":[{"@type":"ReadAction","target":["https:\/\/wattstor.com\/de\/impressum\/"]}]},{"@type":"BreadcrumbList","@id":"https:\/\/wattstor.com\/de\/impressum\/#breadcrumb","itemListElement":[{"@type":"ListItem","position":1,"name":"Home","item":"https:\/\/wattstor.com\/de\/"},{"@type":"ListItem","position":2,"name":"Impressum"}]},{"@type":"WebSite","@id":"https:\/\/wattstor.com\/de\/#website","url":"https:\/\/wattstor.com\/de\/","name":"Wattstor","description":"Wattstor delivers intelligent energy management solutions for renewables, storage and EV charging on industrial and commercial sites.","potentialAction":[{"@type":"SearchAction","target":{"@type":"EntryPoint","urlTemplate":"https:\/\/wattstor.com\/de\/?s={search_term_string}"},"query-input":{"@type":"PropertyValueSpecification","valueRequired":true,"valueName":"search_term_string"}}],"inLanguage":"de-DE"}]}},"_links":{"self":[{"href":"https:\/\/wattstor.com\/de\/wp-json\/wp\/v2\/pages\/3713","targetHints":{"allow":["GET"]}}],"collection":[{"href":"https:\/\/wattstor.com\/de\/wp-json\/wp\/v2\/pages"}],"about":[{"href":"https:\/\/wattstor.com\/de\/wp-json\/wp\/v2\/types\/page"}],"author":[{"embeddable":true,"href":"https:\/\/wattstor.com\/de\/wp-json\/wp\/v2\/users\/18"}],"replies":[{"embeddable":true,"href":"https:\/\/wattstor.com\/de\/wp-json\/wp\/v2\/comments?post=3713"}],"version-history":[{"count":0,"href":"https:\/\/wattstor.com\/de\/wp-json\/wp\/v2\/pages\/3713\/revisions"}],"wp:attachment":[{"href":"https:\/\/wattstor.com\/de\/wp-json\/wp\/v2\/media?parent=3713"}],"curies":[{"name":"wp","href":"https:\/\/api.w.org\/{rel}","templated":true}]}}