{"id":4741,"date":"2025-08-13T14:37:39","date_gmt":"2025-08-13T14:37:39","guid":{"rendered":"https:\/\/wattstor.com\/?page_id=4741"},"modified":"2026-02-10T13:42:47","modified_gmt":"2026-02-10T13:42:47","slug":"careers","status":"publish","type":"page","link":"https:\/\/wattstor.com\/cs\/careers\/","title":{"rendered":"Careers"},"content":{"rendered":"","protected":false},"excerpt":{"rendered":"","protected":false},"author":33,"featured_media":0,"parent":0,"menu_order":0,"comment_status":"closed","ping_status":"closed","template":"template-flexible-content.php","meta":{"_acf_changed":false,"inline_featured_image":false,"footnotes":""},"class_list":["post-4741","page","type-page","status-publish","hentry"],"acf":[],"yoast_head":"<!-- This site is optimized with the Yoast SEO plugin v26.9 - https:\/\/yoast.com\/product\/yoast-seo-wordpress\/ -->\n<title>Wattstor | Kari\u00e9ra<\/title>\n<meta name=\"description\" content=\"Hled\u00e1te novou profesn\u00ed v\u00fdzvu, zaj\u00edmav\u00e9 projekty, skv\u011bl\u00fd t\u00fdm a prostor pro r\u016fst? Kari\u00e9ra ve Wattstoru \u2013 za\u010dn\u011bte novou kapitolu u\u017e dnes.\" \/>\n<meta name=\"robots\" content=\"index, follow, max-snippet:-1, max-image-preview:large, max-video-preview:-1\" \/>\n<link rel=\"canonical\" href=\"https:\/\/wattstor.com\/cs\/careers\/\" \/>\n<meta property=\"og:locale\" content=\"cs_CZ\" \/>\n<meta property=\"og:type\" content=\"article\" \/>\n<meta property=\"og:title\" content=\"Wattstor | Kari\u00e9ra\" \/>\n<meta property=\"og:description\" content=\"Hled\u00e1te novou profesn\u00ed v\u00fdzvu, zaj\u00edmav\u00e9 projekty, skv\u011bl\u00fd t\u00fdm a prostor pro r\u016fst? Kari\u00e9ra ve Wattstoru \u2013 za\u010dn\u011bte novou kapitolu u\u017e dnes.\" \/>\n<meta property=\"og:url\" content=\"https:\/\/wattstor.com\/cs\/careers\/\" \/>\n<meta property=\"og:site_name\" content=\"Wattstor\" \/>\n<meta property=\"article:modified_time\" content=\"2026-02-10T13:42:47+00:00\" \/>\n<meta property=\"og:image\" content=\"https:\/\/wattstor.com\/wp-content\/uploads\/2025\/06\/Careers1.jpg\" \/>\n\t<meta property=\"og:image:width\" content=\"1440\" \/>\n\t<meta property=\"og:image:height\" content=\"600\" \/>\n\t<meta property=\"og:image:type\" content=\"image\/jpeg\" \/>\n<meta name=\"twitter:card\" content=\"summary_large_image\" \/>\n<!-- \/ Yoast SEO plugin. -->","yoast_head_json":{"title":"Wattstor | Kari\u00e9ra","description":"Hled\u00e1te novou profesn\u00ed v\u00fdzvu, zaj\u00edmav\u00e9 projekty, skv\u011bl\u00fd t\u00fdm a prostor pro r\u016fst? Kari\u00e9ra ve Wattstoru \u2013 za\u010dn\u011bte novou kapitolu u\u017e dnes.","robots":{"index":"index","follow":"follow","max-snippet":"max-snippet:-1","max-image-preview":"max-image-preview:large","max-video-preview":"max-video-preview:-1"},"canonical":"https:\/\/wattstor.com\/cs\/careers\/","og_locale":"cs_CZ","og_type":"article","og_title":"Wattstor | Kari\u00e9ra","og_description":"Hled\u00e1te novou profesn\u00ed v\u00fdzvu, zaj\u00edmav\u00e9 projekty, skv\u011bl\u00fd t\u00fdm a prostor pro r\u016fst? Kari\u00e9ra ve Wattstoru \u2013 za\u010dn\u011bte novou kapitolu u\u017e dnes.","og_url":"https:\/\/wattstor.com\/cs\/careers\/","og_site_name":"Wattstor","article_modified_time":"2026-02-10T13:42:47+00:00","og_image":[{"width":1440,"height":600,"url":"https:\/\/wattstor.com\/wp-content\/uploads\/2025\/06\/Careers1.jpg","type":"image\/jpeg"}],"twitter_card":"summary_large_image","schema":{"@context":"https:\/\/schema.org","@graph":[{"@type":"WebPage","@id":"https:\/\/wattstor.com\/cs\/careers\/","url":"https:\/\/wattstor.com\/cs\/careers\/","name":"Wattstor | Kari\u00e9ra","isPartOf":{"@id":"https:\/\/wattstor.com\/cs\/#website"},"datePublished":"2025-08-13T14:37:39+00:00","dateModified":"2026-02-10T13:42:47+00:00","description":"Hled\u00e1te novou profesn\u00ed v\u00fdzvu, zaj\u00edmav\u00e9 projekty, skv\u011bl\u00fd t\u00fdm a prostor pro r\u016fst? Kari\u00e9ra ve Wattstoru \u2013 za\u010dn\u011bte novou kapitolu u\u017e dnes.","breadcrumb":{"@id":"https:\/\/wattstor.com\/cs\/careers\/#breadcrumb"},"inLanguage":"cs","potentialAction":[{"@type":"ReadAction","target":["https:\/\/wattstor.com\/cs\/careers\/"]}]},{"@type":"BreadcrumbList","@id":"https:\/\/wattstor.com\/cs\/careers\/#breadcrumb","itemListElement":[{"@type":"ListItem","position":1,"name":"Home","item":"https:\/\/wattstor.com\/cs\/"},{"@type":"ListItem","position":2,"name":"Careers"}]},{"@type":"WebSite","@id":"https:\/\/wattstor.com\/cs\/#website","url":"https:\/\/wattstor.com\/cs\/","name":"Wattstor","description":"Wattstor delivers intelligent energy management solutions for renewables, storage and EV charging on industrial and commercial sites.","potentialAction":[{"@type":"SearchAction","target":{"@type":"EntryPoint","urlTemplate":"https:\/\/wattstor.com\/cs\/?s={search_term_string}"},"query-input":{"@type":"PropertyValueSpecification","valueRequired":true,"valueName":"search_term_string"}}],"inLanguage":"cs"}]}},"_links":{"self":[{"href":"https:\/\/wattstor.com\/cs\/wp-json\/wp\/v2\/pages\/4741","targetHints":{"allow":["GET"]}}],"collection":[{"href":"https:\/\/wattstor.com\/cs\/wp-json\/wp\/v2\/pages"}],"about":[{"href":"https:\/\/wattstor.com\/cs\/wp-json\/wp\/v2\/types\/page"}],"author":[{"embeddable":true,"href":"https:\/\/wattstor.com\/cs\/wp-json\/wp\/v2\/users\/33"}],"replies":[{"embeddable":true,"href":"https:\/\/wattstor.com\/cs\/wp-json\/wp\/v2\/comments?post=4741"}],"version-history":[{"count":0,"href":"https:\/\/wattstor.com\/cs\/wp-json\/wp\/v2\/pages\/4741\/revisions"}],"wp:attachment":[{"href":"https:\/\/wattstor.com\/cs\/wp-json\/wp\/v2\/media?parent=4741"}],"curies":[{"name":"wp","href":"https:\/\/api.w.org\/{rel}","templated":true}]}}