{"id":3784,"date":"2025-03-11T12:34:17","date_gmt":"2025-03-11T12:34:17","guid":{"rendered":"https:\/\/wattstor.com\/?page_id=3784"},"modified":"2025-08-22T13:31:40","modified_gmt":"2025-08-22T13:31:40","slug":"podpurne-sluzby-a-bateriova-uloziste-novy-investicni-zamer-pro-vas-podnik","status":"publish","type":"page","link":"https:\/\/wattstor.com\/cs\/podpurne-sluzby-a-bateriova-uloziste-novy-investicni-zamer-pro-vas-podnik\/","title":{"rendered":"Slu\u017eby v\u00fdkonov\u00e9 rovnov\u00e1hy a bateriov\u00e1 \u00falo\u017ei\u0161t\u011b \u2013 nov\u00fd investi\u010dn\u00ed z\u00e1m\u011br pro v\u00e1\u0161 podnik\u00a0"},"content":{"rendered":"","protected":false},"excerpt":{"rendered":"","protected":false},"author":23,"featured_media":0,"parent":0,"menu_order":0,"comment_status":"closed","ping_status":"closed","template":"template-landing-page.php","meta":{"_acf_changed":false,"inline_featured_image":false,"footnotes":""},"class_list":["post-3784","page","type-page","status-publish","hentry"],"acf":[],"yoast_head":"<!-- This site is optimized with the Yoast SEO plugin v26.9 - https:\/\/yoast.com\/product\/yoast-seo-wordpress\/ -->\n<title>Podp\u016frn\u00e9 slu\u017eby a bateriov\u00e1 \u00falo\u017ei\u0161t\u011b \u2013 nov\u00fd investi\u010dn\u00ed z\u00e1m\u011br<\/title>\n<meta name=\"description\" content=\"Jak vyu\u017e\u00edt bateriov\u00e1 \u00falo\u017ei\u0161t\u011b (BESS) pro poskytov\u00e1n\u00ed podp\u016frn\u00fdch slu\u017eeb? Slu\u017eby v\u00fdkonov\u00e9 rovnov\u00e1hy (SVR) nejen pom\u00e1haj\u00ed stabilizovat s\u00ed\u0165...\" \/>\n<meta name=\"robots\" content=\"index, follow, max-snippet:-1, max-image-preview:large, max-video-preview:-1\" \/>\n<link rel=\"canonical\" href=\"https:\/\/wattstor.com\/cs\/podpurne-sluzby-a-bateriova-uloziste-novy-investicni-zamer-pro-vas-podnik\/\" \/>\n<meta property=\"og:locale\" content=\"cs_CZ\" \/>\n<meta property=\"og:type\" content=\"article\" \/>\n<meta property=\"og:title\" content=\"Podp\u016frn\u00e9 slu\u017eby a bateriov\u00e1 \u00falo\u017ei\u0161t\u011b \u2013 nov\u00fd investi\u010dn\u00ed z\u00e1m\u011br pro v\u00e1\u0161 podnik\u00a0\" \/>\n<meta property=\"og:description\" content=\"Nov\u00e1 legislativa Lex OZE III p\u0159in\u00e1\u0161\u00ed revoluci v energetice a otev\u00edr\u00e1 firm\u00e1m nov\u00e9 mo\u017enosti, jak vyu\u017e\u00edt bateriov\u00e1 \u00falo\u017ei\u0161t\u011b (BESS) pro poskytov\u00e1n\u00ed podp\u016frn\u00fdch slu\u017eeb. Slu\u017eby v\u00fdkonov\u00e9 rovnov\u00e1hy (SVR) nejen pom\u00e1haj\u00ed stabilizovat s\u00ed\u0165 \u010di regulovat frekvenci v elektrick\u00e9 s\u00edti ale nab\u00edzej\u00ed i dal\u0161\u00ed v\u00fdznamn\u00e9 benefity pro v\u00e1\u0161 podnik\" \/>\n<meta property=\"og:url\" content=\"https:\/\/wattstor.com\/cs\/podpurne-sluzby-a-bateriova-uloziste-novy-investicni-zamer-pro-vas-podnik\/\" \/>\n<meta property=\"og:site_name\" content=\"Wattstor\" \/>\n<meta property=\"article:modified_time\" content=\"2025-08-22T13:31:40+00:00\" \/>\n<meta property=\"og:image\" content=\"https:\/\/wattstor.com\/wp-content\/uploads\/2025\/06\/Title-image-SVR-brochure.png\" \/>\n\t<meta property=\"og:image:width\" content=\"800\" \/>\n\t<meta property=\"og:image:height\" content=\"377\" \/>\n\t<meta property=\"og:image:type\" content=\"image\/png\" \/>\n<meta name=\"twitter:card\" content=\"summary_large_image\" \/>\n<!-- \/ Yoast SEO plugin. -->","yoast_head_json":{"title":"Podp\u016frn\u00e9 slu\u017eby a bateriov\u00e1 \u00falo\u017ei\u0161t\u011b \u2013 nov\u00fd investi\u010dn\u00ed z\u00e1m\u011br","description":"Jak vyu\u017e\u00edt bateriov\u00e1 \u00falo\u017ei\u0161t\u011b (BESS) pro poskytov\u00e1n\u00ed podp\u016frn\u00fdch slu\u017eeb? Slu\u017eby v\u00fdkonov\u00e9 rovnov\u00e1hy (SVR) nejen pom\u00e1haj\u00ed stabilizovat s\u00ed\u0165...","robots":{"index":"index","follow":"follow","max-snippet":"max-snippet:-1","max-image-preview":"max-image-preview:large","max-video-preview":"max-video-preview:-1"},"canonical":"https:\/\/wattstor.com\/cs\/podpurne-sluzby-a-bateriova-uloziste-novy-investicni-zamer-pro-vas-podnik\/","og_locale":"cs_CZ","og_type":"article","og_title":"Podp\u016frn\u00e9 slu\u017eby a bateriov\u00e1 \u00falo\u017ei\u0161t\u011b \u2013 nov\u00fd investi\u010dn\u00ed z\u00e1m\u011br pro v\u00e1\u0161 podnik\u00a0","og_description":"Nov\u00e1 legislativa Lex OZE III p\u0159in\u00e1\u0161\u00ed revoluci v energetice a otev\u00edr\u00e1 firm\u00e1m nov\u00e9 mo\u017enosti, jak vyu\u017e\u00edt bateriov\u00e1 \u00falo\u017ei\u0161t\u011b (BESS) pro poskytov\u00e1n\u00ed podp\u016frn\u00fdch slu\u017eeb. Slu\u017eby v\u00fdkonov\u00e9 rovnov\u00e1hy (SVR) nejen pom\u00e1haj\u00ed stabilizovat s\u00ed\u0165 \u010di regulovat frekvenci v elektrick\u00e9 s\u00edti ale nab\u00edzej\u00ed i dal\u0161\u00ed v\u00fdznamn\u00e9 benefity pro v\u00e1\u0161 podnik","og_url":"https:\/\/wattstor.com\/cs\/podpurne-sluzby-a-bateriova-uloziste-novy-investicni-zamer-pro-vas-podnik\/","og_site_name":"Wattstor","article_modified_time":"2025-08-22T13:31:40+00:00","og_image":[{"width":800,"height":377,"url":"https:\/\/wattstor.com\/wp-content\/uploads\/2025\/06\/Title-image-SVR-brochure.png","type":"image\/png"}],"twitter_card":"summary_large_image","schema":{"@context":"https:\/\/schema.org","@graph":[{"@type":"WebPage","@id":"https:\/\/wattstor.com\/cs\/podpurne-sluzby-a-bateriova-uloziste-novy-investicni-zamer-pro-vas-podnik\/","url":"https:\/\/wattstor.com\/cs\/podpurne-sluzby-a-bateriova-uloziste-novy-investicni-zamer-pro-vas-podnik\/","name":"Podp\u016frn\u00e9 slu\u017eby a bateriov\u00e1 \u00falo\u017ei\u0161t\u011b \u2013 nov\u00fd investi\u010dn\u00ed z\u00e1m\u011br","isPartOf":{"@id":"https:\/\/wattstor.com\/cs\/#website"},"datePublished":"2025-03-11T12:34:17+00:00","dateModified":"2025-08-22T13:31:40+00:00","description":"Jak vyu\u017e\u00edt bateriov\u00e1 \u00falo\u017ei\u0161t\u011b (BESS) pro poskytov\u00e1n\u00ed podp\u016frn\u00fdch slu\u017eeb? Slu\u017eby v\u00fdkonov\u00e9 rovnov\u00e1hy (SVR) nejen pom\u00e1haj\u00ed stabilizovat s\u00ed\u0165...","breadcrumb":{"@id":"https:\/\/wattstor.com\/cs\/podpurne-sluzby-a-bateriova-uloziste-novy-investicni-zamer-pro-vas-podnik\/#breadcrumb"},"inLanguage":"cs","potentialAction":[{"@type":"ReadAction","target":["https:\/\/wattstor.com\/cs\/podpurne-sluzby-a-bateriova-uloziste-novy-investicni-zamer-pro-vas-podnik\/"]}]},{"@type":"BreadcrumbList","@id":"https:\/\/wattstor.com\/cs\/podpurne-sluzby-a-bateriova-uloziste-novy-investicni-zamer-pro-vas-podnik\/#breadcrumb","itemListElement":[{"@type":"ListItem","position":1,"name":"Home","item":"https:\/\/wattstor.com\/cs\/"},{"@type":"ListItem","position":2,"name":"Slu\u017eby v\u00fdkonov\u00e9 rovnov\u00e1hy a bateriov\u00e1 \u00falo\u017ei\u0161t\u011b \u2013 nov\u00fd investi\u010dn\u00ed z\u00e1m\u011br pro v\u00e1\u0161 podnik\u00a0"}]},{"@type":"WebSite","@id":"https:\/\/wattstor.com\/cs\/#website","url":"https:\/\/wattstor.com\/cs\/","name":"Wattstor","description":"Wattstor delivers intelligent energy management solutions for renewables, storage and EV charging on industrial and commercial sites.","potentialAction":[{"@type":"SearchAction","target":{"@type":"EntryPoint","urlTemplate":"https:\/\/wattstor.com\/cs\/?s={search_term_string}"},"query-input":{"@type":"PropertyValueSpecification","valueRequired":true,"valueName":"search_term_string"}}],"inLanguage":"cs"}]}},"_links":{"self":[{"href":"https:\/\/wattstor.com\/cs\/wp-json\/wp\/v2\/pages\/3784","targetHints":{"allow":["GET"]}}],"collection":[{"href":"https:\/\/wattstor.com\/cs\/wp-json\/wp\/v2\/pages"}],"about":[{"href":"https:\/\/wattstor.com\/cs\/wp-json\/wp\/v2\/types\/page"}],"author":[{"embeddable":true,"href":"https:\/\/wattstor.com\/cs\/wp-json\/wp\/v2\/users\/23"}],"replies":[{"embeddable":true,"href":"https:\/\/wattstor.com\/cs\/wp-json\/wp\/v2\/comments?post=3784"}],"version-history":[{"count":0,"href":"https:\/\/wattstor.com\/cs\/wp-json\/wp\/v2\/pages\/3784\/revisions"}],"wp:attachment":[{"href":"https:\/\/wattstor.com\/cs\/wp-json\/wp\/v2\/media?parent=3784"}],"curies":[{"name":"wp","href":"https:\/\/api.w.org\/{rel}","templated":true}]}}