{"id":2531,"date":"2024-09-25T16:06:53","date_gmt":"2024-09-25T16:06:53","guid":{"rendered":"https:\/\/wattstor.com\/?page_id=2531"},"modified":"2025-01-17T11:54:29","modified_gmt":"2025-01-17T11:54:29","slug":"integrovane-bateriove-uloziste","status":"publish","type":"page","link":"https:\/\/wattstor.com\/cs\/integrovane-bateriove-uloziste\/","title":{"rendered":"Vstupn\u00ed str\u00e1nka integrovan\u00e9ho bateriov\u00e9ho \u00falo\u017ei\u0161t\u011b"},"content":{"rendered":"","protected":false},"excerpt":{"rendered":"","protected":false},"author":16,"featured_media":0,"parent":0,"menu_order":0,"comment_status":"closed","ping_status":"closed","template":"template-landing-page.php","meta":{"_acf_changed":false,"inline_featured_image":false,"footnotes":""},"class_list":["post-2531","page","type-page","status-publish","hentry"],"acf":[],"yoast_head":"<!-- This site is optimized with the Yoast SEO plugin v26.9 - https:\/\/yoast.com\/product\/yoast-seo-wordpress\/ -->\n<title>Vstupn\u00ed str\u00e1nka integrovan\u00e9ho bateriov\u00e9ho \u00falo\u017ei\u0161t\u011b - Wattstor<\/title>\n<meta name=\"robots\" content=\"noindex, nofollow\" \/>\n<meta property=\"og:locale\" content=\"cs_CZ\" \/>\n<meta property=\"og:type\" content=\"article\" \/>\n<meta property=\"og:title\" content=\"Vstupn\u00ed str\u00e1nka integrovan\u00e9ho bateriov\u00e9ho \u00falo\u017ei\u0161t\u011b - Wattstor\" \/>\n<meta property=\"og:url\" content=\"https:\/\/wattstor.com\/cs\/integrovane-bateriove-uloziste\/\" \/>\n<meta property=\"og:site_name\" content=\"Wattstor\" \/>\n<meta property=\"article:modified_time\" content=\"2025-01-17T11:54:29+00:00\" \/>\n<meta name=\"twitter:card\" content=\"summary_large_image\" \/>\n<!-- \/ Yoast SEO plugin. -->","yoast_head_json":{"title":"Vstupn\u00ed str\u00e1nka integrovan\u00e9ho bateriov\u00e9ho \u00falo\u017ei\u0161t\u011b - Wattstor","robots":{"index":"noindex","follow":"nofollow"},"og_locale":"cs_CZ","og_type":"article","og_title":"Vstupn\u00ed str\u00e1nka integrovan\u00e9ho bateriov\u00e9ho \u00falo\u017ei\u0161t\u011b - Wattstor","og_url":"https:\/\/wattstor.com\/cs\/integrovane-bateriove-uloziste\/","og_site_name":"Wattstor","article_modified_time":"2025-01-17T11:54:29+00:00","twitter_card":"summary_large_image","schema":{"@context":"https:\/\/schema.org","@graph":[{"@type":"WebPage","@id":"https:\/\/wattstor.com\/cs\/integrovane-bateriove-uloziste\/","url":"https:\/\/wattstor.com\/cs\/integrovane-bateriove-uloziste\/","name":"Vstupn\u00ed str\u00e1nka integrovan\u00e9ho bateriov\u00e9ho \u00falo\u017ei\u0161t\u011b - Wattstor","isPartOf":{"@id":"https:\/\/wattstor.com\/cs\/#website"},"datePublished":"2024-09-25T16:06:53+00:00","dateModified":"2025-01-17T11:54:29+00:00","breadcrumb":{"@id":"https:\/\/wattstor.com\/cs\/integrovane-bateriove-uloziste\/#breadcrumb"},"inLanguage":"cs","potentialAction":[{"@type":"ReadAction","target":["https:\/\/wattstor.com\/cs\/integrovane-bateriove-uloziste\/"]}]},{"@type":"BreadcrumbList","@id":"https:\/\/wattstor.com\/cs\/integrovane-bateriove-uloziste\/#breadcrumb","itemListElement":[{"@type":"ListItem","position":1,"name":"Home","item":"https:\/\/wattstor.com\/cs\/"},{"@type":"ListItem","position":2,"name":"Vstupn\u00ed str\u00e1nka integrovan\u00e9ho bateriov\u00e9ho \u00falo\u017ei\u0161t\u011b"}]},{"@type":"WebSite","@id":"https:\/\/wattstor.com\/cs\/#website","url":"https:\/\/wattstor.com\/cs\/","name":"Wattstor","description":"Wattstor delivers intelligent energy management solutions for renewables, storage and EV charging on industrial and commercial sites.","potentialAction":[{"@type":"SearchAction","target":{"@type":"EntryPoint","urlTemplate":"https:\/\/wattstor.com\/cs\/?s={search_term_string}"},"query-input":{"@type":"PropertyValueSpecification","valueRequired":true,"valueName":"search_term_string"}}],"inLanguage":"cs"}]}},"_links":{"self":[{"href":"https:\/\/wattstor.com\/cs\/wp-json\/wp\/v2\/pages\/2531","targetHints":{"allow":["GET"]}}],"collection":[{"href":"https:\/\/wattstor.com\/cs\/wp-json\/wp\/v2\/pages"}],"about":[{"href":"https:\/\/wattstor.com\/cs\/wp-json\/wp\/v2\/types\/page"}],"author":[{"embeddable":true,"href":"https:\/\/wattstor.com\/cs\/wp-json\/wp\/v2\/users\/16"}],"replies":[{"embeddable":true,"href":"https:\/\/wattstor.com\/cs\/wp-json\/wp\/v2\/comments?post=2531"}],"version-history":[{"count":0,"href":"https:\/\/wattstor.com\/cs\/wp-json\/wp\/v2\/pages\/2531\/revisions"}],"wp:attachment":[{"href":"https:\/\/wattstor.com\/cs\/wp-json\/wp\/v2\/media?parent=2531"}],"curies":[{"name":"wp","href":"https:\/\/api.w.org\/{rel}","templated":true}]}}